{"id":5108,"date":"2021-09-29T20:40:52","date_gmt":"2021-09-29T18:40:52","guid":{"rendered":"https:\/\/www.kanzlei-tanriverdi.at\/kuenye\/"},"modified":"2022-02-03T21:06:09","modified_gmt":"2022-02-03T19:06:09","slug":"kuenye","status":"publish","type":"page","link":"https:\/\/www.kanzlei-tanriverdi.at\/tr\/kuenye\/","title":{"rendered":"K\u00fcnye"},"content":{"rendered":"\t\t<div data-elementor-type=\"wp-page\" data-elementor-id=\"5108\" class=\"elementor elementor-5108 elementor-4701\">\n\t\t\t\t\t\t<div class=\"elementor-inner\">\n\t\t\t\t<div class=\"elementor-section-wrap\">\n\t\t\t\t\t\t\t\t\t<section class=\"elementor-section elementor-top-section elementor-element elementor-element-7f8829da elementor-section-boxed elementor-section-height-default elementor-section-height-default\" data-id=\"7f8829da\" data-element_type=\"section\" data-settings=\"{&quot;background_background&quot;:&quot;classic&quot;}\">\n\t\t\t\t\t\t<div class=\"elementor-container elementor-column-gap-default\">\n\t\t\t\t\t\t\t<div class=\"elementor-row\">\n\t\t\t\t\t<div class=\"elementor-column elementor-col-100 elementor-top-column elementor-element elementor-element-657326d1\" data-id=\"657326d1\" data-element_type=\"column\">\n\t\t\t<div class=\"elementor-column-wrap elementor-element-populated\">\n\t\t\t\t\t\t\t<div class=\"elementor-widget-wrap\">\n\t\t\t\t\t\t<div class=\"elementor-element elementor-element-d87c705 elementor-widget elementor-widget-text-editor\" data-id=\"d87c705\" data-element_type=\"widget\" data-settings=\"{&quot;ekit_we_effect_on&quot;:&quot;none&quot;}\" data-widget_type=\"text-editor.default\">\n\t\t\t\t<div class=\"elementor-widget-container\">\n\t\t\t\t\t\t\t\t<div class=\"elementor-text-editor elementor-clearfix\">\n\t\t\t\t<p><span style=\"font-size: 14pt;\"><strong>\u00a7 25 Medya Yasas\u0131 ve \u00a7 5 E-Ticaret Yasas\u0131 (ECG) uyar\u0131nca a\u00e7\u0131klama<\/strong><\/span><\/p><p><span style=\"font-size: 14pt;\"><strong>\u0130\u015fletme \/ i\u00e7erikten sorumlu:<\/strong><\/span><\/p><p><strong>Mag. S\u00fckran Tanriverdi<\/strong><br>Erzabt-Klotz-Stra\u00dfe 12<br>5020 Salzburg<br>\u00d6sterreich<\/p><p><strong>Mobil:<\/strong> +43 650 417 50 25<br><strong>E-Mail: <\/strong>office@kanzlei-tanriverdi.at<br><strong>Web:<\/strong> www.tanriverdi.at<\/p><p><strong>Ust-ID:<\/strong> ATU76978406<\/p><p><strong>Oda \u00fcyeli\u011fi:<\/strong><br>Salzburg Barosu, Imbergstrasse 31C, 5020 Salzburg, Austria<br><a href=\"https:\/\/srak.at\/anwalt\/tanriverdi-suekran-rechtsanwaeltin-salzburg\/\">Web sitesi<\/a><\/p><p><strong>Konsept, Web tasar\u0131m ve uygulamas\u0131: <br> <\/strong> Kodlogy Technologies GmbH <a href=\"https:\/\/www.kodlogy.at\">www.kodlogy.at<\/a><\/p><p><strong>Resim haklar\u0131: <br><\/strong>Kodlogy Technologies GmbH, Envato Elements, Freepik<strong><br><\/strong><\/p><p>Sorumluluk Reddi:<br>Dikkatli i\u00e7erik kontrol\u00fcne ra\u011fmen, harici ba\u011flant\u0131lar\u0131n ve foto\u011fraflar\u0131n i\u00e7eri\u011fi i\u00e7in hi\u00e7bir sorumluluk kabul etmiyoruz. Ba\u011flant\u0131l\u0131 sayfalar\u0131n ve yay\u0131nlanan foto\u011fraflar\u0131n operat\u00f6rleri, i\u00e7eriklerinden sorumludur. T\u00fcm alt alan adlar\u0131n\u0131 i\u00e7eren www.kanzlei-tanriverdi.at alan ad\u0131, internetteki di\u011fer sitelere verilen ba\u011flant\u0131lara at\u0131fta bulunur. Bu durumlar i\u00e7in a\u015fa\u011f\u0131dakiler ge\u00e7erlidir: Mag.\u015e\u00fckran Tanr\u0131verdi, www.kanzlei-tanriverdi.at&#8217;in i\u015fletmecisi olarak, ba\u011flant\u0131 verilen ve i\u00e7e aktar\u0131lan sayfalar\u0131n ve foto\u011fraflar\u0131n tasar\u0131m\u0131 ve i\u00e7eri\u011fi \u00fczerinde hi\u00e7bir etkisinin olmad\u0131\u011f\u0131n\u0131 a\u00e7\u0131k\u00e7a beyan eder. Bu nedenle www.kanzlei-tanriverdi.at Mag.\u015e\u00fckran Tanr\u0131verdi, sitede ba\u011flant\u0131s\u0131 verilen t\u00fcm sayfalar\u0131n ve yay\u0131nlanan foto\u011fraflar\u0131n t\u00fcm i\u00e7eri\u011finden a\u00e7\u0131k\u00e7a uzak durmakta ve bu i\u00e7eri\u011fi kendisine ait olarak benimsememektedir. Bu beyan, ba\u011flant\u0131lar\u0131n y\u00f6nlendirildi\u011fi t\u00fcm sayfalar i\u00e7in ge\u00e7erlidir.<\/p>\t\t\t\t\t<\/div>\n\t\t\t\t\t\t<\/div>\n\t\t\t\t<\/div>\n\t\t\t\t\t\t<\/div>\n\t\t\t\t\t<\/div>\n\t\t<\/div>\n\t\t\t\t\t\t\t\t<\/div>\n\t\t\t\t\t<\/div>\n\t\t<\/section>\n\t\t\t\t\t\t\t\t\t<\/div>\n\t\t\t<\/div>\n\t\t\t\t\t<\/div>\n\t\t","protected":false},"excerpt":{"rendered":"<p>\u00a7 25 Medya Yasas\u0131 ve \u00a7 5 E-Ticaret Yasas\u0131 (ECG) uyar\u0131nca a\u00e7\u0131klama \u0130\u015fletme \/ i\u00e7erikten sorumlu: Mag. S\u00fckran TanriverdiErzabt-Klotz-Stra\u00dfe 125020 Salzburg\u00d6sterreich Mobil: +43 650 417 50 25E-Mail: office@kanzlei-tanriverdi.atWeb: www.tanriverdi.at Ust-ID: ATU76978406 Oda \u00fcyeli\u011fi:Salzburg Barosu, Imbergstrasse 31C, 5020 Salzburg, AustriaWeb sitesi Konsept, Web tasar\u0131m ve uygulamas\u0131: Kodlogy Technologies GmbH www.kodlogy.at Resim haklar\u0131: Kodlogy Technologies GmbH, Envato [&hellip;]<\/p>\n","protected":false},"author":1,"featured_media":0,"parent":0,"menu_order":0,"comment_status":"closed","ping_status":"closed","template":"template\/full-width-template.php","meta":[],"_links":{"self":[{"href":"https:\/\/www.kanzlei-tanriverdi.at\/tr\/wp-json\/wp\/v2\/pages\/5108"}],"collection":[{"href":"https:\/\/www.kanzlei-tanriverdi.at\/tr\/wp-json\/wp\/v2\/pages"}],"about":[{"href":"https:\/\/www.kanzlei-tanriverdi.at\/tr\/wp-json\/wp\/v2\/types\/page"}],"author":[{"embeddable":true,"href":"https:\/\/www.kanzlei-tanriverdi.at\/tr\/wp-json\/wp\/v2\/users\/1"}],"replies":[{"embeddable":true,"href":"https:\/\/www.kanzlei-tanriverdi.at\/tr\/wp-json\/wp\/v2\/comments?post=5108"}],"version-history":[{"count":0,"href":"https:\/\/www.kanzlei-tanriverdi.at\/tr\/wp-json\/wp\/v2\/pages\/5108\/revisions"}],"wp:attachment":[{"href":"https:\/\/www.kanzlei-tanriverdi.at\/tr\/wp-json\/wp\/v2\/media?parent=5108"}],"curies":[{"name":"wp","href":"https:\/\/api.w.org\/{rel}","templated":true}]}}