{"id":5118,"date":"2020-01-28T10:01:32","date_gmt":"2020-01-28T08:01:32","guid":{"rendered":"https:\/\/www.kanzlei-tanriverdi.at\/datenschutzerklaerung\/"},"modified":"2022-02-03T20:36:26","modified_gmt":"2022-02-03T18:36:26","slug":"datenschutzerklaerung","status":"publish","type":"page","link":"https:\/\/www.kanzlei-tanriverdi.at\/tr\/datenschutzerklaerung\/","title":{"rendered":"Datenschutzerkl\u00e4rung"},"content":{"rendered":"\t\t<div data-elementor-type=\"wp-page\" data-elementor-id=\"5118\" class=\"elementor elementor-5118 elementor-155\">\n\t\t\t\t\t\t<div class=\"elementor-inner\">\n\t\t\t\t<div class=\"elementor-section-wrap\">\n\t\t\t\t\t\t\t\t\t<section class=\"elementor-section elementor-top-section elementor-element elementor-element-7f8829da elementor-section-boxed elementor-section-height-default elementor-section-height-default\" data-id=\"7f8829da\" data-element_type=\"section\" data-settings=\"{&quot;background_background&quot;:&quot;classic&quot;}\">\n\t\t\t\t\t\t<div class=\"elementor-container elementor-column-gap-default\">\n\t\t\t\t\t\t\t<div class=\"elementor-row\">\n\t\t\t\t\t<div class=\"elementor-column elementor-col-100 elementor-top-column elementor-element elementor-element-657326d1\" data-id=\"657326d1\" data-element_type=\"column\">\n\t\t\t<div class=\"elementor-column-wrap elementor-element-populated\">\n\t\t\t\t\t\t\t<div class=\"elementor-widget-wrap\">\n\t\t\t\t\t\t<div class=\"elementor-element elementor-element-7ac9cc0 elementor-widget elementor-widget-text-editor\" data-id=\"7ac9cc0\" data-element_type=\"widget\" data-settings=\"{&quot;ekit_we_effect_on&quot;:&quot;none&quot;}\" data-widget_type=\"text-editor.default\">\n\t\t\t\t<div class=\"elementor-widget-container\">\n\t\t\t\t\t\t\t\t<div class=\"elementor-text-editor elementor-clearfix\">\n\t\t\t\t<ol><li><strong> Personenbezogene Daten<\/strong><\/li><\/ol><p>Ich erhebe, verarbeite und nutze Ihre personenbezogenen Daten nur mit einer rechtlichen Grundlage im Einklang mit der DSGVO; dies unter Einhaltung der datenschutz- und zivilrechtlichen Bestimmungen. Es werden nur solche personenbezogenen Daten erhoben, die f\u00fcr die Durchf\u00fchrung und Abwicklung unserer rechtsanwaltlichen Leistungen erforderlich sind oder die Sie uns freiwillig zur Verf\u00fcgung gestellt haben.<\/p><p>Personenbezogene Daten sind alle Daten, die Einzelangaben \u00fcber pers\u00f6nliche oder sachliche Verh\u00e4ltnisse enthalten, beispielsweise Name, Anschrift, Emailadresse, Telefonnummer, Geburtsdatum, Alter (usw). Auch sensible Daten, wie Gesundheitsdaten oder Daten im Zusammenhang mit einem Strafverfahren k\u00f6nnen mitumfasst sein.<\/p><ol start=\"2\"><li><strong> Auskunft und L\u00f6schung<\/strong><\/li><\/ol><p>Als Betroffener haben Sie \u2013 unter Wahrung der rechtsanwaltlichen Verschwiegenheitspflicht \u2013 jederzeit das Recht auf Auskunft \u00fcber Ihre gespeicherten personenbezogenen Daten, deren Herkunft und Empf\u00e4nger und den Zweck der Datenverarbeitung sowie ein Recht auf Berichtigung, Daten\u00fcbertragung, Widerspruch, Einschr\u00e4nkung der Bearbeitung sowie Sperrung oder L\u00f6schung unrichtiger bzw. unzul\u00e4ssig verarbeiteter Daten. Insoweit sich \u00c4nderungen Ihrer pers\u00f6nlichen Daten ergeben, ersuche ich um entsprechende Mitteilung.<\/p><p>Ihre Eingabe auf Auskunft, L\u00f6schung, Berichtigung, Widerspruch und\/oder Daten\u00fcbertragung, im letztgenannten Fall, sofern damit nicht ein unverh\u00e4ltnism\u00e4\u00dfiger Aufwand verursacht wird, kann an die in Punkt 8. dieser Erkl\u00e4rung angef\u00fchrte Anschrift der Rechtsanwaltskanzlei gerichtet werden. Wenn Sie der Auffassung sind, dass die Verarbeitung Ihrer personenbezogenen Daten durch mich gegen das geltende Datenschutzrecht verst\u00f6\u00dft oder Ihre datenschutzrechtlichen Anspr\u00fcche in einer anderen Weise verletzt worden sind, besteht die M\u00f6glichkeit, sich bei der zust\u00e4ndigen Aufsichtsbeh\u00f6rde zu beschweren. In \u00d6sterreich zust\u00e4ndig ist hierf\u00fcr die Datenschutzbeh\u00f6rde.<\/p><ol start=\"3\"><li><strong> Datensicherheit<\/strong><\/li><\/ol><p>Der Schutz Ihrer personenbezogenen Daten erfolgt durch entsprechende organisatorische und technische Vorkehrungen. Diese Vorkehrungen betreffen insbesondere den Schutz vor unerlaubtem, rechtswidrigem oder auch zuf\u00e4lligem Zugriff, Verarbeitung, Verlust, Verwendung und Manipulation.<\/p><p>Ungeachtet der Bem\u00fchungen der Einhaltung eines stets angemessen hohen Standes der Sorgfaltsanforderungen kann nicht ausgeschlossen werden, dass Informationen, die Sie mir \u00fcber das Internet bekannt geben, von anderen Personen eingesehen und genutzt werden. Bitte beachten Sie, dass ich daher keine wie immer geartete Haftung f\u00fcr die Offenlegung von Informationen aufgrund nicht von mir verursachter Fehler bei der Daten\u00fcbertragung und\/oder unautorisiertem Zugriff durch Dritte \u00fcbernehmen (zB. Hackangriff auf Email-Account bzw. Telefon).<\/p><ol start=\"4\"><li><strong> Verwendung der Daten<\/strong><\/li><\/ol><p>Ich werde die mir zur Verf\u00fcgung gestellten Daten nicht f\u00fcr andere Zwecke als die durch den Mandatsvertrag oder durch Ihre Einwilligung oder sonst durch eine Bestimmung im Einklang mit der DSGVO gedeckten Zwecken verarbeiten. Ausgenommen hiervon ist die Nutzung f\u00fcr statistische Zwecke, sofern die zur Verf\u00fcgung gestellten Daten anonymisiert wurden.<\/p><ol start=\"5\"><li><strong> \u00dcbermittlung von Daten an Dritte <\/strong><\/li><\/ol><p>Es ist m\u00f6glicherweise auch erforderlich, Ihre Daten an Dritte (zB. Gegenseite, Substitute, Versicherungen, Dienstleister, derer wir uns bedienen und denen wir Daten zur Verf\u00fcgung stellen, etc.) Gerichte oder Beh\u00f6rden, weiterzuleiten. Eine Weiterleitung Ihrer Daten erfolgt ausschlie\u00dflich auf Grundlage der DSGVO.<\/p><p>Weiters informiere ich Sie dar\u00fcber, dass im Rahmen meiner rechtsanwaltlichen Vertretung und Betreuung regelm\u00e4\u00dfig auch sachverhalts- und fallbezogene Informationen von Ihnen von dritten Stellen bezogen werden.<\/p><ol start=\"6\"><li><strong> Bekanntgabe von Datenpannen<\/strong><\/li><\/ol><p>Ich bin bem\u00fcht sicherzustellen, dass Datenpannen fr\u00fchzeitig erkannt und gegebenenfalls unverz\u00fcglich Ihnen bzw. der zust\u00e4ndigen Aufsichtsbeh\u00f6rde, gemeldet werden.<\/p><ol start=\"7\"><li><strong> Aufbewahrung der Daten<\/strong><\/li><\/ol><p>Ich werde Daten nicht l\u00e4nger aufbewahren als dies gesetzlichen Verpflichtungen und zur Abwehr allf\u00e4lliger Haftungsanspr\u00fcche erforderlich ist.<\/p><ol start=\"8\"><li><strong> Unsere Kontaktdaten<\/strong><\/li><\/ol><p><em>Kanzlei Mag. S\u00fckran Tanriverdi<\/em><\/p><p><em>Erzabt-Klotz-Stra\u00dfe 12<\/em><\/p><p><em>5020 Salzburg<\/em><\/p><p><em>Tel.: 0650\/417 50 25<\/em><\/p><p><em>E-Mail: <\/em><a href=\"mailto:office@kanzlei-tanriverdi.at\"><em>office@kanzlei-tanriverdi.at<\/em><\/a><\/p>\t\t\t\t\t<\/div>\n\t\t\t\t\t\t<\/div>\n\t\t\t\t<\/div>\n\t\t\t\t\t\t<\/div>\n\t\t\t\t\t<\/div>\n\t\t<\/div>\n\t\t\t\t\t\t\t\t<\/div>\n\t\t\t\t\t<\/div>\n\t\t<\/section>\n\t\t\t\t\t\t\t\t\t<\/div>\n\t\t\t<\/div>\n\t\t\t\t\t<\/div>\n\t\t","protected":false},"excerpt":{"rendered":"<p>Personenbezogene Daten Ich erhebe, verarbeite und nutze Ihre personenbezogenen Daten nur mit einer rechtlichen Grundlage im Einklang mit der DSGVO; dies unter Einhaltung der datenschutz- und zivilrechtlichen Bestimmungen. Es werden nur solche personenbezogenen Daten erhoben, die f\u00fcr die Durchf\u00fchrung und Abwicklung unserer rechtsanwaltlichen Leistungen erforderlich sind oder die Sie uns freiwillig zur Verf\u00fcgung gestellt haben. [&hellip;]<\/p>\n","protected":false},"author":1,"featured_media":0,"parent":0,"menu_order":0,"comment_status":"closed","ping_status":"closed","template":"template\/full-width-template.php","meta":[],"_links":{"self":[{"href":"https:\/\/www.kanzlei-tanriverdi.at\/tr\/wp-json\/wp\/v2\/pages\/5118"}],"collection":[{"href":"https:\/\/www.kanzlei-tanriverdi.at\/tr\/wp-json\/wp\/v2\/pages"}],"about":[{"href":"https:\/\/www.kanzlei-tanriverdi.at\/tr\/wp-json\/wp\/v2\/types\/page"}],"author":[{"embeddable":true,"href":"https:\/\/www.kanzlei-tanriverdi.at\/tr\/wp-json\/wp\/v2\/users\/1"}],"replies":[{"embeddable":true,"href":"https:\/\/www.kanzlei-tanriverdi.at\/tr\/wp-json\/wp\/v2\/comments?post=5118"}],"version-history":[{"count":0,"href":"https:\/\/www.kanzlei-tanriverdi.at\/tr\/wp-json\/wp\/v2\/pages\/5118\/revisions"}],"wp:attachment":[{"href":"https:\/\/www.kanzlei-tanriverdi.at\/tr\/wp-json\/wp\/v2\/media?parent=5118"}],"curies":[{"name":"wp","href":"https:\/\/api.w.org\/{rel}","templated":true}]}}