{"id":5125,"date":"2020-01-28T08:34:11","date_gmt":"2020-01-28T06:34:11","guid":{"rendered":"https:\/\/www.kanzlei-tanriverdi.at\/hakkimda\/"},"modified":"2022-02-03T20:46:41","modified_gmt":"2022-02-03T18:46:41","slug":"hakkimda","status":"publish","type":"page","link":"https:\/\/www.kanzlei-tanriverdi.at\/tr\/hakkimda\/","title":{"rendered":"Hakk\u0131mda"},"content":{"rendered":"\t\t<div data-elementor-type=\"wp-page\" data-elementor-id=\"5125\" class=\"elementor elementor-5125 elementor-94\">\n\t\t\t\t\t\t<div class=\"elementor-inner\">\n\t\t\t\t<div class=\"elementor-section-wrap\">\n\t\t\t\t\t\t\t\t\t<section class=\"elementor-section elementor-top-section elementor-element elementor-element-710d24 elementor-section-boxed elementor-section-height-default elementor-section-height-default\" data-id=\"710d24\" data-element_type=\"section\" data-settings=\"{&quot;background_background&quot;:&quot;classic&quot;}\">\n\t\t\t\t\t\t\t<div class=\"elementor-background-overlay\"><\/div>\n\t\t\t\t\t\t\t<div class=\"elementor-container elementor-column-gap-default\">\n\t\t\t\t\t\t\t<div class=\"elementor-row\">\n\t\t\t\t\t<div class=\"elementor-column elementor-col-100 elementor-top-column elementor-element elementor-element-3e49f5c9\" data-id=\"3e49f5c9\" data-element_type=\"column\">\n\t\t\t<div class=\"elementor-column-wrap elementor-element-populated\">\n\t\t\t\t\t\t\t<div class=\"elementor-widget-wrap\">\n\t\t\t\t\t\t<section class=\"elementor-section elementor-inner-section elementor-element elementor-element-21ecb38 elementor-section-boxed elementor-section-height-default elementor-section-height-default\" data-id=\"21ecb38\" data-element_type=\"section\">\n\t\t\t\t\t\t<div class=\"elementor-container elementor-column-gap-default\">\n\t\t\t\t\t\t\t<div class=\"elementor-row\">\n\t\t\t\t\t<div class=\"elementor-column elementor-col-100 elementor-inner-column elementor-element elementor-element-1e9dbab\" data-id=\"1e9dbab\" data-element_type=\"column\">\n\t\t\t<div class=\"elementor-column-wrap elementor-element-populated\">\n\t\t\t\t\t\t\t<div class=\"elementor-widget-wrap\">\n\t\t\t\t\t\t<div class=\"elementor-element elementor-element-6d0aadbe elementor-widget elementor-widget-elementskit-heading\" data-id=\"6d0aadbe\" data-element_type=\"widget\" data-settings=\"{&quot;ekit_we_effect_on&quot;:&quot;none&quot;}\" data-widget_type=\"elementskit-heading.default\">\n\t\t\t\t<div class=\"elementor-widget-container\">\n\t\t\t<div class=\"ekit-wid-con\" ><div class=\"ekit-heading elementskit-section-title-wraper text_center   ekit_heading_tablet-   ekit_heading_mobile-text_left\"><div class=\"ekit_heading_separetor_wraper ekit_heading_elementskit-border-divider elementskit-style-long\"><div class=\"elementskit-border-divider elementskit-style-long\"><\/div><\/div><p class=\"elementskit-section-subtitle  \">\n\t\t\t\t\t\tAvukat\n\t\t\t\t\t<\/p><h2 class=\"ekit-heading--title elementskit-section-title \">Mag. S\u00fckran Tanriverdi<\/h2><\/div><\/div>\t\t<\/div>\n\t\t\t\t<\/div>\n\t\t\t\t\t\t<\/div>\n\t\t\t\t\t<\/div>\n\t\t<\/div>\n\t\t\t\t\t\t\t\t<\/div>\n\t\t\t\t\t<\/div>\n\t\t<\/section>\n\t\t\t\t<section class=\"elementor-section elementor-inner-section elementor-element elementor-element-5a8c7b00 elementor-section-boxed elementor-section-height-default elementor-section-height-default\" data-id=\"5a8c7b00\" data-element_type=\"section\">\n\t\t\t\t\t\t<div class=\"elementor-container elementor-column-gap-no\">\n\t\t\t\t\t\t\t<div class=\"elementor-row\">\n\t\t\t\t\t<div class=\"elementor-column elementor-col-100 elementor-inner-column elementor-element elementor-element-4d119e45\" data-id=\"4d119e45\" data-element_type=\"column\">\n\t\t\t<div class=\"elementor-column-wrap elementor-element-populated\">\n\t\t\t\t\t\t\t<div class=\"elementor-widget-wrap\">\n\t\t\t\t\t\t<div class=\"elementor-element elementor-element-70caf249 elementor-widget elementor-widget-text-editor\" data-id=\"70caf249\" data-element_type=\"widget\" data-settings=\"{&quot;ekit_we_effect_on&quot;:&quot;none&quot;}\" data-widget_type=\"text-editor.default\">\n\t\t\t\t<div class=\"elementor-widget-container\">\n\t\t\t\t\t\t\t\t<div class=\"elementor-text-editor elementor-clearfix\">\n\t\t\t\t<p>Hukuk bran\u015f\u0131 ile ilgili en yayg\u0131n \u015fikayet, modern d\u00fcnyaya uyum sa\u011flayamamas\u0131d\u0131r. Bu ifadede \u00e7ok fazla ger\u00e7ek var, bu y\u00fczden basit bir hukuk b\u00fcrosu yerine modern bir &#8220;hukuk b\u00fcrosu&#8221; olmak i\u00e7in elimden gelen her \u015feyi yapt\u0131m.<\/p><p>Fiyatlar\u0131m\u0131n \u015feffaf oldu\u011funu g\u00f6receksiniz. Hizmetlerimi Avukatlar Tarife Yasas\u0131 (RATG) \/ avukatlar i\u00e7in Genel \u00dccret Kriterleri (AHK) uyar\u0131nca faturaland\u0131r\u0131yorum veya uygun bir saatlik \u00fccret \u00fczerinde anla\u015f\u0131yorum.<\/p><p>Ayr\u0131ca her \u015fey dahil sabit bir fiyatta anla\u015fmaktan memnuniyet duyar\u0131m.<\/p><p>Ayr\u0131ca i\u015finizle me\u015fgul oldu\u011funuzu da biliyorum, bu y\u00fczden i\u015fin \u00e7o\u011funu elektronik veya telefon \u00fczerinden yapmaya \u00f6zen g\u00f6steriyorum.<\/p><p>Belki de en \u00f6nemlisi, hukuk mesle\u011fine yeni bir yakla\u015f\u0131m getiriyorum. Ben sizin dilinizi konu\u015fuyorum, hukuk dilini de\u011fil. \u0130\u015finizi kuruyorum, s\u00f6zle\u015fmelerinizi haz\u0131rl\u0131yorum ve davalar\u0131n\u0131z\u0131 egomu de\u011fil, \u00e7\u0131karlar\u0131n\u0131z\u0131 koruyacak \u015fekilde ele al\u0131yorum.<\/p>\t\t\t\t\t<\/div>\n\t\t\t\t\t\t<\/div>\n\t\t\t\t<\/div>\n\t\t\t\t\t\t<\/div>\n\t\t\t\t\t<\/div>\n\t\t<\/div>\n\t\t\t\t\t\t\t\t<\/div>\n\t\t\t\t\t<\/div>\n\t\t<\/section>\n\t\t\t\t\t\t<\/div>\n\t\t\t\t\t<\/div>\n\t\t<\/div>\n\t\t\t\t\t\t\t\t<\/div>\n\t\t\t\t\t<\/div>\n\t\t<\/section>\n\t\t\t\t<section class=\"elementor-section elementor-top-section elementor-element elementor-element-988a414 elementor-section-full_width elementor-section-height-default elementor-section-height-default\" data-id=\"988a414\" data-element_type=\"section\">\n\t\t\t\t\t\t<div class=\"elementor-container elementor-column-gap-default\">\n\t\t\t\t\t\t\t<div class=\"elementor-row\">\n\t\t\t\t\t<div class=\"elementor-column elementor-col-100 elementor-top-column elementor-element elementor-element-a43e893\" data-id=\"a43e893\" data-element_type=\"column\" data-settings=\"{&quot;background_background&quot;:&quot;classic&quot;}\">\n\t\t\t<div class=\"elementor-column-wrap\">\n\t\t\t\t\t\t\t<div class=\"elementor-widget-wrap\">\n\t\t\t\t\t\t\t\t<\/div>\n\t\t\t\t\t<\/div>\n\t\t<\/div>\n\t\t\t\t\t\t\t\t<\/div>\n\t\t\t\t\t<\/div>\n\t\t<\/section>\n\t\t\t\t\t\t\t\t\t<\/div>\n\t\t\t<\/div>\n\t\t\t\t\t<\/div>\n\t\t","protected":false},"excerpt":{"rendered":"<p>Avukat Mag. S\u00fckran Tanriverdi Hukuk bran\u015f\u0131 ile ilgili en yayg\u0131n \u015fikayet, modern d\u00fcnyaya uyum sa\u011flayamamas\u0131d\u0131r. Bu ifadede \u00e7ok fazla ger\u00e7ek var, bu y\u00fczden basit bir hukuk b\u00fcrosu yerine modern bir &#8220;hukuk b\u00fcrosu&#8221; olmak i\u00e7in elimden gelen her \u015feyi yapt\u0131m. Fiyatlar\u0131m\u0131n \u015feffaf oldu\u011funu g\u00f6receksiniz. Hizmetlerimi Avukatlar Tarife Yasas\u0131 (RATG) \/ avukatlar i\u00e7in Genel \u00dccret Kriterleri (AHK) [&hellip;]<\/p>\n","protected":false},"author":1,"featured_media":0,"parent":0,"menu_order":0,"comment_status":"closed","ping_status":"closed","template":"template\/full-width-template.php","meta":[],"_links":{"self":[{"href":"https:\/\/www.kanzlei-tanriverdi.at\/tr\/wp-json\/wp\/v2\/pages\/5125"}],"collection":[{"href":"https:\/\/www.kanzlei-tanriverdi.at\/tr\/wp-json\/wp\/v2\/pages"}],"about":[{"href":"https:\/\/www.kanzlei-tanriverdi.at\/tr\/wp-json\/wp\/v2\/types\/page"}],"author":[{"embeddable":true,"href":"https:\/\/www.kanzlei-tanriverdi.at\/tr\/wp-json\/wp\/v2\/users\/1"}],"replies":[{"embeddable":true,"href":"https:\/\/www.kanzlei-tanriverdi.at\/tr\/wp-json\/wp\/v2\/comments?post=5125"}],"version-history":[{"count":0,"href":"https:\/\/www.kanzlei-tanriverdi.at\/tr\/wp-json\/wp\/v2\/pages\/5125\/revisions"}],"wp:attachment":[{"href":"https:\/\/www.kanzlei-tanriverdi.at\/tr\/wp-json\/wp\/v2\/media?parent=5125"}],"curies":[{"name":"wp","href":"https:\/\/api.w.org\/{rel}","templated":true}]}}